{"id":8,"date":"2020-11-21T21:03:41","date_gmt":"2020-11-21T20:03:41","guid":{"rendered":"https:\/\/pixandbuzz.com\/Elemenstra\/?page_id=8"},"modified":"2020-11-26T21:52:36","modified_gmt":"2020-11-26T20:52:36","slug":"accueil","status":"publish","type":"page","link":"https:\/\/laurianechesi.com\/","title":{"rendered":"Accueil"},"content":{"rendered":"\t\t<div data-elementor-type=\"wp-page\" data-elementor-id=\"8\" class=\"elementor elementor-8\">\n\t\t\t\t\t\t<section class=\"elementor-section elementor-top-section elementor-element elementor-element-7bed9973 elementor-section-stretched elementor-section-height-full elementor-section-boxed elementor-section-height-default elementor-section-items-middle\" data-id=\"7bed9973\" data-element_type=\"section\" data-settings=\"{&quot;background_background&quot;:&quot;classic&quot;,&quot;stretch_section&quot;:&quot;section-stretched&quot;}\">\n\t\t\t\t\t\t\t<div class=\"elementor-background-overlay\"><\/div>\n\t\t\t\t\t\t\t<div class=\"elementor-container elementor-column-gap-default\">\n\t\t\t\t\t<div class=\"elementor-column elementor-col-100 elementor-top-column elementor-element elementor-element-609d14b\" data-id=\"609d14b\" data-element_type=\"column\">\n\t\t\t<div class=\"elementor-widget-wrap elementor-element-populated\">\n\t\t\t\t\t\t<div class=\"elementor-element elementor-element-5647bb40 elementor-widget elementor-widget-heading\" data-id=\"5647bb40\" data-element_type=\"widget\" data-widget_type=\"heading.default\">\n\t\t\t\t<div class=\"elementor-widget-container\">\n\t\t\t\t\t<h2 class=\"elementor-heading-title elementor-size-default\">Je cr\u00e9e<\/h2>\t\t\t\t<\/div>\n\t\t\t\t<\/div>\n\t\t\t\t<div class=\"elementor-element elementor-element-59b2d361 elementor-widget elementor-widget-heading\" data-id=\"59b2d361\" data-element_type=\"widget\" data-widget_type=\"heading.default\">\n\t\t\t\t<div class=\"elementor-widget-container\">\n\t\t\t\t\t<h2 class=\"elementor-heading-title elementor-size-default\">Vos photos . Vos vid\u00e9os<\/h2>\t\t\t\t<\/div>\n\t\t\t\t<\/div>\n\t\t\t\t<div class=\"elementor-element elementor-element-d9d27fa elementor-widget elementor-widget-button\" data-id=\"d9d27fa\" data-element_type=\"widget\" data-widget_type=\"button.default\">\n\t\t\t\t<div class=\"elementor-widget-container\">\n\t\t\t\t\t\t\t\t\t<div class=\"elementor-button-wrapper\">\n\t\t\t\t\t<a class=\"elementor-button elementor-button-link elementor-size-md elementor-animation-grow\" href=\"https:\/\/laurianechesi.com\/index.php\/contact\/\">\n\t\t\t\t\t\t<span class=\"elementor-button-content-wrapper\">\n\t\t\t\t\t\t\t\t\t<span class=\"elementor-button-text\">demande de projet<\/span>\n\t\t\t\t\t<\/span>\n\t\t\t\t\t<\/a>\n\t\t\t\t<\/div>\n\t\t\t\t\t\t\t\t<\/div>\n\t\t\t\t<\/div>\n\t\t\t\t<div class=\"elementor-element elementor-element-7a9dc6e1 elementor-shape-circle elementor-grid-0 e-grid-align-center elementor-widget elementor-widget-social-icons\" data-id=\"7a9dc6e1\" data-element_type=\"widget\" data-widget_type=\"social-icons.default\">\n\t\t\t\t<div class=\"elementor-widget-container\">\n\t\t\t\t\t\t\t<div class=\"elementor-social-icons-wrapper elementor-grid\" role=\"list\">\n\t\t\t\t\t\t\t<span class=\"elementor-grid-item\" role=\"listitem\">\n\t\t\t\t\t<a class=\"elementor-icon elementor-social-icon elementor-social-icon-instagram elementor-repeater-item-3c76012\" href=\"https:\/\/www.instagram.com\/lauriane_chesi\/\" target=\"_blank\">\n\t\t\t\t\t\t<span class=\"elementor-screen-only\">Instagram<\/span>\n\t\t\t\t\t\t<i class=\"fab fa-instagram\"><\/i>\t\t\t\t\t<\/a>\n\t\t\t\t<\/span>\n\t\t\t\t\t\t\t<span class=\"elementor-grid-item\" role=\"listitem\">\n\t\t\t\t\t<a class=\"elementor-icon elementor-social-icon elementor-social-icon-facebook-f elementor-repeater-item-9c09372\" href=\"https:\/\/www.facebook.com\/laurianechesi\/\" target=\"_blank\">\n\t\t\t\t\t\t<span class=\"elementor-screen-only\">Facebook-f<\/span>\n\t\t\t\t\t\t<i class=\"fab fa-facebook-f\"><\/i>\t\t\t\t\t<\/a>\n\t\t\t\t<\/span>\n\t\t\t\t\t\t\t<span class=\"elementor-grid-item\" role=\"listitem\">\n\t\t\t\t\t<a class=\"elementor-icon elementor-social-icon elementor-social-icon-linkedin-in elementor-repeater-item-4d29874\" href=\"https:\/\/www.linkedin.com\/in\/lauriane-chesi-96907a12a\/\" target=\"_blank\">\n\t\t\t\t\t\t<span class=\"elementor-screen-only\">Linkedin-in<\/span>\n\t\t\t\t\t\t<i class=\"fab fa-linkedin-in\"><\/i>\t\t\t\t\t<\/a>\n\t\t\t\t<\/span>\n\t\t\t\t\t<\/div>\n\t\t\t\t\t\t<\/div>\n\t\t\t\t<\/div>\n\t\t\t\t\t<\/div>\n\t\t<\/div>\n\t\t\t\t\t<\/div>\n\t\t<\/section>\n\t\t\t\t<\/div>\n\t\t","protected":false},"excerpt":{"rendered":"<p>Je cr\u00e9e Vos photos . Vos vid\u00e9os demande de projet Instagram Facebook-f Linkedin-in<\/p>\n","protected":false},"author":1,"featured_media":0,"parent":0,"menu_order":0,"comment_status":"closed","ping_status":"closed","template":"","meta":{"site-sidebar-layout":"no-sidebar","site-content-layout":"page-builder","ast-site-content-layout":"default","site-content-style":"default","site-sidebar-style":"default","ast-global-header-display":"","ast-banner-title-visibility":"","ast-main-header-display":"","ast-hfb-above-header-display":"","ast-hfb-below-header-display":"","ast-hfb-mobile-header-display":"","site-post-title":"disabled","ast-breadcrumbs-content":"","ast-featured-img":"disabled","footer-sml-layout":"","ast-disable-related-posts":"","theme-transparent-header-meta":"default","adv-header-id-meta":"","stick-header-meta":"","header-above-stick-meta":"","header-main-stick-meta":"","header-below-stick-meta":"","astra-migrate-meta-layouts":"default","ast-page-background-enabled":"default","ast-page-background-meta":{"desktop":{"background-color":"","background-image":"","background-repeat":"repeat","background-position":"center center","background-size":"auto","background-attachment":"scroll","background-type":"","background-media":"","overlay-type":"","overlay-color":"","overlay-opacity":"","overlay-gradient":""},"tablet":{"background-color":"","background-image":"","background-repeat":"repeat","background-position":"center center","background-size":"auto","background-attachment":"scroll","background-type":"","background-media":"","overlay-type":"","overlay-color":"","overlay-opacity":"","overlay-gradient":""},"mobile":{"background-color":"","background-image":"","background-repeat":"repeat","background-position":"center center","background-size":"auto","background-attachment":"scroll","background-type":"","background-media":"","overlay-type":"","overlay-color":"","overlay-opacity":"","overlay-gradient":""}},"ast-content-background-meta":{"desktop":{"background-color":"var(--ast-global-color-5)","background-image":"","background-repeat":"repeat","background-position":"center center","background-size":"auto","background-attachment":"scroll","background-type":"","background-media":"","overlay-type":"","overlay-color":"","overlay-opacity":"","overlay-gradient":""},"tablet":{"background-color":"var(--ast-global-color-5)","background-image":"","background-repeat":"repeat","background-position":"center center","background-size":"auto","background-attachment":"scroll","background-type":"","background-media":"","overlay-type":"","overlay-color":"","overlay-opacity":"","overlay-gradient":""},"mobile":{"background-color":"var(--ast-global-color-5)","background-image":"","background-repeat":"repeat","background-position":"center center","background-size":"auto","background-attachment":"scroll","background-type":"","background-media":"","overlay-type":"","overlay-color":"","overlay-opacity":"","overlay-gradient":""}},"footnotes":""},"yoast_head":"<!-- This site is optimized with the Yoast SEO plugin v24.5 - https:\/\/yoast.com\/wordpress\/plugins\/seo\/ -->\n<title>Accueil - LAURIANE CHESI<\/title>\n<meta name=\"description\" content=\"LAURIANE CHESI, Photographe Vid\u00e9aste \u00e0 Lyon, en France, \u00e0 l&#039;\u00e9tranger. Reportage voyage, \u00e9v\u00e9nementiel, entreprise, immobilier, architecture, sport, r\u00e9alisation, montage.\" \/>\n<meta name=\"robots\" content=\"index, follow, max-snippet:-1, max-image-preview:large, max-video-preview:-1\" \/>\n<link rel=\"canonical\" href=\"https:\/\/laurianechesi.com\/\" \/>\n<meta property=\"og:locale\" content=\"fr_FR\" \/>\n<meta property=\"og:type\" content=\"article\" \/>\n<meta property=\"og:title\" content=\"Accueil - LAURIANE CHESI\" \/>\n<meta property=\"og:description\" content=\"LAURIANE CHESI, Photographe Vid\u00e9aste \u00e0 Lyon, en France, \u00e0 l&#039;\u00e9tranger. Reportage voyage, \u00e9v\u00e9nementiel, entreprise, immobilier, architecture, sport, r\u00e9alisation, montage.\" \/>\n<meta property=\"og:url\" content=\"https:\/\/laurianechesi.com\/\" \/>\n<meta property=\"og:site_name\" content=\"LAURIANE CHESI\" \/>\n<meta property=\"article:publisher\" content=\"https:\/\/www.facebook.com\/laurianechesi\/\" \/>\n<meta property=\"article:modified_time\" content=\"2020-11-26T20:52:36+00:00\" \/>\n<meta name=\"twitter:card\" content=\"summary_large_image\" \/>\n<script type=\"application\/ld+json\" class=\"yoast-schema-graph\">{\"@context\":\"https:\/\/schema.org\",\"@graph\":[{\"@type\":\"WebPage\",\"@id\":\"https:\/\/laurianechesi.com\/\",\"url\":\"https:\/\/laurianechesi.com\/\",\"name\":\"Accueil - LAURIANE CHESI\",\"isPartOf\":{\"@id\":\"https:\/\/laurianechesi.com\/#website\"},\"datePublished\":\"2020-11-21T20:03:41+00:00\",\"dateModified\":\"2020-11-26T20:52:36+00:00\",\"description\":\"LAURIANE CHESI, Photographe Vid\u00e9aste \u00e0 Lyon, en France, \u00e0 l'\u00e9tranger. Reportage voyage, \u00e9v\u00e9nementiel, entreprise, immobilier, architecture, sport, r\u00e9alisation, montage.\",\"breadcrumb\":{\"@id\":\"https:\/\/laurianechesi.com\/#breadcrumb\"},\"inLanguage\":\"fr-FR\",\"potentialAction\":[{\"@type\":\"ReadAction\",\"target\":[\"https:\/\/laurianechesi.com\/\"]}]},{\"@type\":\"BreadcrumbList\",\"@id\":\"https:\/\/laurianechesi.com\/#breadcrumb\",\"itemListElement\":[{\"@type\":\"ListItem\",\"position\":1,\"name\":\"Accueil\",\"item\":\"https:\/\/laurianechesi.com\/\"},{\"@type\":\"ListItem\",\"position\":2,\"name\":\"Accueil\"}]},{\"@type\":\"WebSite\",\"@id\":\"https:\/\/laurianechesi.com\/#website\",\"url\":\"https:\/\/laurianechesi.com\/\",\"name\":\"LAURIANE CHESI\",\"description\":\"Reportage | voyage, \u00e9v\u00e9nementiel, entreprise, immobilier, architecture, sport, r\u00e9alisation, montage | Photographe Vid\u00e9aste \u00e0 Lyon, en France, \u00e0 l&#039;\u00e9tranger.\",\"publisher\":{\"@id\":\"https:\/\/laurianechesi.com\/#organization\"},\"potentialAction\":[{\"@type\":\"SearchAction\",\"target\":{\"@type\":\"EntryPoint\",\"urlTemplate\":\"https:\/\/laurianechesi.com\/?s={search_term_string}\"},\"query-input\":{\"@type\":\"PropertyValueSpecification\",\"valueRequired\":true,\"valueName\":\"search_term_string\"}}],\"inLanguage\":\"fr-FR\"},{\"@type\":\"Organization\",\"@id\":\"https:\/\/laurianechesi.com\/#organization\",\"name\":\"LAURIANE CHESI, Photographe Vid\u00e9aste \u00e0 Lyon\",\"url\":\"https:\/\/laurianechesi.com\/\",\"logo\":{\"@type\":\"ImageObject\",\"inLanguage\":\"fr-FR\",\"@id\":\"https:\/\/laurianechesi.com\/#\/schema\/logo\/image\/\",\"url\":\"\",\"contentUrl\":\"\",\"caption\":\"LAURIANE CHESI, Photographe Vid\u00e9aste \u00e0 Lyon\"},\"image\":{\"@id\":\"https:\/\/laurianechesi.com\/#\/schema\/logo\/image\/\"},\"sameAs\":[\"https:\/\/www.facebook.com\/laurianechesi\/\",\"https:\/\/www.instagram.com\/lauriane_chesi\/\",\"https:\/\/www.linkedin.com\/in\/lauriane-chesi-96907a12a\/\"]}]}<\/script>\n<!-- \/ Yoast SEO plugin. -->","yoast_head_json":{"title":"Accueil - LAURIANE CHESI","description":"LAURIANE CHESI, Photographe Vid\u00e9aste \u00e0 Lyon, en France, \u00e0 l'\u00e9tranger. Reportage voyage, \u00e9v\u00e9nementiel, entreprise, immobilier, architecture, sport, r\u00e9alisation, montage.","robots":{"index":"index","follow":"follow","max-snippet":"max-snippet:-1","max-image-preview":"max-image-preview:large","max-video-preview":"max-video-preview:-1"},"canonical":"https:\/\/laurianechesi.com\/","og_locale":"fr_FR","og_type":"article","og_title":"Accueil - LAURIANE CHESI","og_description":"LAURIANE CHESI, Photographe Vid\u00e9aste \u00e0 Lyon, en France, \u00e0 l'\u00e9tranger. Reportage voyage, \u00e9v\u00e9nementiel, entreprise, immobilier, architecture, sport, r\u00e9alisation, montage.","og_url":"https:\/\/laurianechesi.com\/","og_site_name":"LAURIANE CHESI","article_publisher":"https:\/\/www.facebook.com\/laurianechesi\/","article_modified_time":"2020-11-26T20:52:36+00:00","twitter_card":"summary_large_image","schema":{"@context":"https:\/\/schema.org","@graph":[{"@type":"WebPage","@id":"https:\/\/laurianechesi.com\/","url":"https:\/\/laurianechesi.com\/","name":"Accueil - LAURIANE CHESI","isPartOf":{"@id":"https:\/\/laurianechesi.com\/#website"},"datePublished":"2020-11-21T20:03:41+00:00","dateModified":"2020-11-26T20:52:36+00:00","description":"LAURIANE CHESI, Photographe Vid\u00e9aste \u00e0 Lyon, en France, \u00e0 l'\u00e9tranger. Reportage voyage, \u00e9v\u00e9nementiel, entreprise, immobilier, architecture, sport, r\u00e9alisation, montage.","breadcrumb":{"@id":"https:\/\/laurianechesi.com\/#breadcrumb"},"inLanguage":"fr-FR","potentialAction":[{"@type":"ReadAction","target":["https:\/\/laurianechesi.com\/"]}]},{"@type":"BreadcrumbList","@id":"https:\/\/laurianechesi.com\/#breadcrumb","itemListElement":[{"@type":"ListItem","position":1,"name":"Accueil","item":"https:\/\/laurianechesi.com\/"},{"@type":"ListItem","position":2,"name":"Accueil"}]},{"@type":"WebSite","@id":"https:\/\/laurianechesi.com\/#website","url":"https:\/\/laurianechesi.com\/","name":"LAURIANE CHESI","description":"Reportage | voyage, \u00e9v\u00e9nementiel, entreprise, immobilier, architecture, sport, r\u00e9alisation, montage | Photographe Vid\u00e9aste \u00e0 Lyon, en France, \u00e0 l&#039;\u00e9tranger.","publisher":{"@id":"https:\/\/laurianechesi.com\/#organization"},"potentialAction":[{"@type":"SearchAction","target":{"@type":"EntryPoint","urlTemplate":"https:\/\/laurianechesi.com\/?s={search_term_string}"},"query-input":{"@type":"PropertyValueSpecification","valueRequired":true,"valueName":"search_term_string"}}],"inLanguage":"fr-FR"},{"@type":"Organization","@id":"https:\/\/laurianechesi.com\/#organization","name":"LAURIANE CHESI, Photographe Vid\u00e9aste \u00e0 Lyon","url":"https:\/\/laurianechesi.com\/","logo":{"@type":"ImageObject","inLanguage":"fr-FR","@id":"https:\/\/laurianechesi.com\/#\/schema\/logo\/image\/","url":"","contentUrl":"","caption":"LAURIANE CHESI, Photographe Vid\u00e9aste \u00e0 Lyon"},"image":{"@id":"https:\/\/laurianechesi.com\/#\/schema\/logo\/image\/"},"sameAs":["https:\/\/www.facebook.com\/laurianechesi\/","https:\/\/www.instagram.com\/lauriane_chesi\/","https:\/\/www.linkedin.com\/in\/lauriane-chesi-96907a12a\/"]}]}},"_links":{"self":[{"href":"https:\/\/laurianechesi.com\/index.php\/wp-json\/wp\/v2\/pages\/8"}],"collection":[{"href":"https:\/\/laurianechesi.com\/index.php\/wp-json\/wp\/v2\/pages"}],"about":[{"href":"https:\/\/laurianechesi.com\/index.php\/wp-json\/wp\/v2\/types\/page"}],"author":[{"embeddable":true,"href":"https:\/\/laurianechesi.com\/index.php\/wp-json\/wp\/v2\/users\/1"}],"replies":[{"embeddable":true,"href":"https:\/\/laurianechesi.com\/index.php\/wp-json\/wp\/v2\/comments?post=8"}],"version-history":[{"count":22,"href":"https:\/\/laurianechesi.com\/index.php\/wp-json\/wp\/v2\/pages\/8\/revisions"}],"predecessor-version":[{"id":738,"href":"https:\/\/laurianechesi.com\/index.php\/wp-json\/wp\/v2\/pages\/8\/revisions\/738"}],"wp:attachment":[{"href":"https:\/\/laurianechesi.com\/index.php\/wp-json\/wp\/v2\/media?parent=8"}],"curies":[{"name":"wp","href":"https:\/\/api.w.org\/{rel}","templated":true}]}}