{"id":618,"date":"2020-11-21T21:19:57","date_gmt":"2020-11-21T20:19:57","guid":{"rendered":"https:\/\/pixandbuzz.com\/Elemenstra\/?page_id=618"},"modified":"2024-06-25T16:20:06","modified_gmt":"2024-06-25T14:20:06","slug":"about","status":"publish","type":"page","link":"https:\/\/laurianechesi.com\/index.php\/about\/","title":{"rendered":"About"},"content":{"rendered":"\t\t<div data-elementor-type=\"wp-page\" data-elementor-id=\"618\" class=\"elementor elementor-618\">\n\t\t\t\t\t\t<section class=\"elementor-section elementor-top-section elementor-element elementor-element-4ba99622 elementor-section-height-min-height elementor-section-content-middle elementor-section-stretched elementor-section-boxed elementor-section-height-default elementor-section-items-middle\" data-id=\"4ba99622\" data-element_type=\"section\" data-settings=\"{&quot;stretch_section&quot;:&quot;section-stretched&quot;}\">\n\t\t\t\t\t\t<div class=\"elementor-container elementor-column-gap-wide\">\n\t\t\t\t\t<div class=\"elementor-column elementor-col-50 elementor-top-column elementor-element elementor-element-282dcf1c\" data-id=\"282dcf1c\" data-element_type=\"column\">\n\t\t\t<div class=\"elementor-widget-wrap elementor-element-populated\">\n\t\t\t\t\t\t<div class=\"elementor-element elementor-element-2c957971 elementor-widget elementor-widget-heading\" data-id=\"2c957971\" data-element_type=\"widget\" data-widget_type=\"heading.default\">\n\t\t\t\t<div class=\"elementor-widget-container\">\n\t\t\t\t\t<h2 class=\"elementor-heading-title elementor-size-default\">Cr\u00e9er<\/h2>\t\t\t\t<\/div>\n\t\t\t\t<\/div>\n\t\t\t\t<div class=\"elementor-element elementor-element-30680c06 elementor-widget elementor-widget-heading\" data-id=\"30680c06\" data-element_type=\"widget\" data-widget_type=\"heading.default\">\n\t\t\t\t<div class=\"elementor-widget-container\">\n\t\t\t\t\t<h2 class=\"elementor-heading-title elementor-size-default\">c'est ce qui m'anime.<\/h2>\t\t\t\t<\/div>\n\t\t\t\t<\/div>\n\t\t\t\t<div class=\"elementor-element elementor-element-5bc1fbf9 elementor-widget elementor-widget-text-editor\" data-id=\"5bc1fbf9\" data-element_type=\"widget\" data-widget_type=\"text-editor.default\">\n\t\t\t\t<div class=\"elementor-widget-container\">\n\t\t\t\t\t\t\t\t\t<p><\/p>\n<p>Depuis l&rsquo;enfance j&rsquo;ai ce besoin de cr\u00e9ation.<\/p>\n<p><span style=\"font-size: 15px;\">Autodidacte, je suis motiv\u00e9e par la recherche constante de perfectionnement.&nbsp;<\/span><\/p>\n<p><span style=\"font-size: 15px;\">La spontan\u00e9it\u00e9 et l&rsquo;\u00e9motion d\u00e9finissent mes reportages.&nbsp;<\/span><span style=\"font-size: 15px; font-style: normal; font-weight: 400; background-color: var(--ast-global-color-5);\">(Tr\u00e8s) sensible et parce que je vis le moment avec vous derri\u00e8re mon objectif, il est possible de me voir verser une larme lors de votre \u00e9v\u00e8nement.<\/span><span style=\"font-size: 15px; font-style: normal; font-weight: 400; background-color: var(--ast-global-color-5);\">&nbsp;<\/span><\/p>\n<p>Le sourire&nbsp;<span style=\"font-size: 15px; font-style: normal; font-weight: 400; background-color: var(--ast-global-color-5);\">permet de communiquer quelque soit les fronti\u00e8res, <\/span><span style=\"font-size: 15px; background-color: var(--ast-global-color-5);\">premier ou unique contact, il est LE langage universel. Mon&nbsp;<\/span><span style=\"background-color: var(--ast-global-color-5); font-size: 15px;\">enthousiasme et ma bonne humeur seront de la partie pour vous cr\u00e9er des souvenirs authentiques.&nbsp;&nbsp;<\/span><\/p>\n<p>Forte d&rsquo;une exp\u00e9rience professionnelle de plusieurs ann\u00e9es dans la conception d&rsquo;am\u00e9nagements int\u00e9rieurs, je mets \u00e0 votre service mon oeil aff\u00fbt\u00e9 pour valoriser votre bien.<\/p>\n<p>Je suis \u00e0 votre \u00e9coute pour cr\u00e9er <b>le projet qui vous motive.<\/b><\/p>\t\t\t\t\t\t\t\t<\/div>\n\t\t\t\t<\/div>\n\t\t\t\t\t<\/div>\n\t\t<\/div>\n\t\t\t\t<div class=\"elementor-column elementor-col-50 elementor-top-column elementor-element elementor-element-11d72030\" data-id=\"11d72030\" data-element_type=\"column\">\n\t\t\t<div class=\"elementor-widget-wrap elementor-element-populated\">\n\t\t\t\t\t\t<div class=\"elementor-element elementor-element-6b033651 elementor-widget elementor-widget-image\" data-id=\"6b033651\" data-element_type=\"widget\" data-widget_type=\"image.default\">\n\t\t\t\t<div class=\"elementor-widget-container\">\n\t\t\t\t\t\t\t\t\t\t\t\t\t\t\t\t<a href=\"https:\/\/www.facebook.com\/laurianechesi\/?modal=admin_todo_tour\" target=\"_blank\">\n\t\t\t\t\t\t\t<img decoding=\"async\" src=\"https:\/\/laurianechesi.com\/wp-content\/uploads\/2024\/06\/autoportrait2024-140.jpg\" title=\"autoportrait2024-140\" alt=\"autoportrait2024-140\" loading=\"lazy\" \/>\t\t\t\t\t\t\t\t<\/a>\n\t\t\t\t\t\t\t\t\t\t\t\t\t\t\t<\/div>\n\t\t\t\t<\/div>\n\t\t\t\t\t<\/div>\n\t\t<\/div>\n\t\t\t\t\t<\/div>\n\t\t<\/section>\n\t\t\t\t<section class=\"elementor-section elementor-top-section elementor-element elementor-element-6c7916d6 elementor-section-stretched elementor-section-full_width elementor-section-height-default elementor-section-height-default\" data-id=\"6c7916d6\" data-element_type=\"section\" data-settings=\"{&quot;stretch_section&quot;:&quot;section-stretched&quot;}\">\n\t\t\t\t\t\t<div class=\"elementor-container elementor-column-gap-default\">\n\t\t\t\t\t<div class=\"elementor-column elementor-col-100 elementor-top-column elementor-element elementor-element-74a76637\" data-id=\"74a76637\" data-element_type=\"column\">\n\t\t\t<div class=\"elementor-widget-wrap elementor-element-populated\">\n\t\t\t\t\t\t<div class=\"elementor-element elementor-element-4d8b8696 elementor-align-center elementor-widget elementor-widget-button\" data-id=\"4d8b8696\" data-element_type=\"widget\" data-settings=\"{&quot;_animation&quot;:&quot;none&quot;}\" data-widget_type=\"button.default\">\n\t\t\t\t<div class=\"elementor-widget-container\">\n\t\t\t\t\t\t\t\t\t<div class=\"elementor-button-wrapper\">\n\t\t\t\t\t<a class=\"elementor-button elementor-button-link elementor-size-md elementor-animation-grow\" href=\"https:\/\/laurianechesi.com\/index.php\/contact\/\">\n\t\t\t\t\t\t<span class=\"elementor-button-content-wrapper\">\n\t\t\t\t\t\t\t\t\t<span class=\"elementor-button-text\">Travaillons ensemble<\/span>\n\t\t\t\t\t<\/span>\n\t\t\t\t\t<\/a>\n\t\t\t\t<\/div>\n\t\t\t\t\t\t\t\t<\/div>\n\t\t\t\t<\/div>\n\t\t\t\t\t<\/div>\n\t\t<\/div>\n\t\t\t\t\t<\/div>\n\t\t<\/section>\n\t\t\t\t<\/div>\n\t\t","protected":false},"excerpt":{"rendered":"<p>Cr\u00e9er c&rsquo;est ce qui m&rsquo;anime. Depuis l&rsquo;enfance j&rsquo;ai ce besoin de cr\u00e9ation. Autodidacte, je suis motiv\u00e9e par la recherche constante de perfectionnement.&nbsp; La spontan\u00e9it\u00e9 et l&rsquo;\u00e9motion d\u00e9finissent mes reportages.&nbsp;(Tr\u00e8s) sensible et parce que je vis le moment avec vous derri\u00e8re mon objectif, il est possible de me voir verser une larme lors de votre \u00e9v\u00e8nement.&nbsp; [&hellip;]<\/p>\n","protected":false},"author":1,"featured_media":0,"parent":0,"menu_order":0,"comment_status":"closed","ping_status":"closed","template":"","meta":{"site-sidebar-layout":"no-sidebar","site-content-layout":"page-builder","ast-site-content-layout":"default","site-content-style":"default","site-sidebar-style":"default","ast-global-header-display":"","ast-banner-title-visibility":"","ast-main-header-display":"","ast-hfb-above-header-display":"","ast-hfb-below-header-display":"","ast-hfb-mobile-header-display":"","site-post-title":"disabled","ast-breadcrumbs-content":"","ast-featured-img":"disabled","footer-sml-layout":"","ast-disable-related-posts":"","theme-transparent-header-meta":"default","adv-header-id-meta":"","stick-header-meta":"","header-above-stick-meta":"","header-main-stick-meta":"","header-below-stick-meta":"","astra-migrate-meta-layouts":"default","ast-page-background-enabled":"default","ast-page-background-meta":{"desktop":{"background-color":"","background-image":"","background-repeat":"repeat","background-position":"center center","background-size":"auto","background-attachment":"scroll","background-type":"","background-media":"","overlay-type":"","overlay-color":"","overlay-opacity":"","overlay-gradient":""},"tablet":{"background-color":"","background-image":"","background-repeat":"repeat","background-position":"center center","background-size":"auto","background-attachment":"scroll","background-type":"","background-media":"","overlay-type":"","overlay-color":"","overlay-opacity":"","overlay-gradient":""},"mobile":{"background-color":"","background-image":"","background-repeat":"repeat","background-position":"center center","background-size":"auto","background-attachment":"scroll","background-type":"","background-media":"","overlay-type":"","overlay-color":"","overlay-opacity":"","overlay-gradient":""}},"ast-content-background-meta":{"desktop":{"background-color":"var(--ast-global-color-5)","background-image":"","background-repeat":"repeat","background-position":"center center","background-size":"auto","background-attachment":"scroll","background-type":"","background-media":"","overlay-type":"","overlay-color":"","overlay-opacity":"","overlay-gradient":""},"tablet":{"background-color":"var(--ast-global-color-5)","background-image":"","background-repeat":"repeat","background-position":"center center","background-size":"auto","background-attachment":"scroll","background-type":"","background-media":"","overlay-type":"","overlay-color":"","overlay-opacity":"","overlay-gradient":""},"mobile":{"background-color":"var(--ast-global-color-5)","background-image":"","background-repeat":"repeat","background-position":"center center","background-size":"auto","background-attachment":"scroll","background-type":"","background-media":"","overlay-type":"","overlay-color":"","overlay-opacity":"","overlay-gradient":""}},"footnotes":""},"yoast_head":"<!-- This site is optimized with the Yoast SEO plugin v24.5 - https:\/\/yoast.com\/wordpress\/plugins\/seo\/ -->\n<title>About - LAURIANE CHESI<\/title>\n<meta name=\"description\" content=\"LAURIANE CHESI, Photographe Vid\u00e9aste \u00e0 Lyon, en France, \u00e0 l&#039;\u00e9tranger. Reportage voyage, \u00e9v\u00e9nementiel, entreprise, immobilier, architecture, sport, r\u00e9alisation, montage.\" \/>\n<meta name=\"robots\" content=\"index, follow, max-snippet:-1, max-image-preview:large, max-video-preview:-1\" \/>\n<link rel=\"canonical\" href=\"https:\/\/laurianechesi.com\/index.php\/about\/\" \/>\n<meta property=\"og:locale\" content=\"fr_FR\" \/>\n<meta property=\"og:type\" content=\"article\" \/>\n<meta property=\"og:title\" content=\"About - LAURIANE CHESI\" \/>\n<meta property=\"og:description\" content=\"LAURIANE CHESI, Photographe Vid\u00e9aste \u00e0 Lyon, en France, \u00e0 l&#039;\u00e9tranger. Reportage voyage, \u00e9v\u00e9nementiel, entreprise, immobilier, architecture, sport, r\u00e9alisation, montage.\" \/>\n<meta property=\"og:url\" content=\"https:\/\/laurianechesi.com\/index.php\/about\/\" \/>\n<meta property=\"og:site_name\" content=\"LAURIANE CHESI\" \/>\n<meta property=\"article:publisher\" content=\"https:\/\/www.facebook.com\/laurianechesi\/\" \/>\n<meta property=\"article:modified_time\" content=\"2024-06-25T14:20:06+00:00\" \/>\n<meta property=\"og:image\" content=\"https:\/\/laurianechesi.com\/wp-content\/uploads\/2024\/06\/autoportrait2024-140.jpg\" \/>\n<meta name=\"twitter:card\" content=\"summary_large_image\" \/>\n<meta name=\"twitter:label1\" content=\"Dur\u00e9e de lecture estim\u00e9e\" \/>\n\t<meta name=\"twitter:data1\" content=\"1 minute\" \/>\n<script type=\"application\/ld+json\" class=\"yoast-schema-graph\">{\"@context\":\"https:\/\/schema.org\",\"@graph\":[{\"@type\":\"WebPage\",\"@id\":\"https:\/\/laurianechesi.com\/index.php\/about\/\",\"url\":\"https:\/\/laurianechesi.com\/index.php\/about\/\",\"name\":\"About - LAURIANE CHESI\",\"isPartOf\":{\"@id\":\"https:\/\/laurianechesi.com\/#website\"},\"primaryImageOfPage\":{\"@id\":\"https:\/\/laurianechesi.com\/index.php\/about\/#primaryimage\"},\"image\":{\"@id\":\"https:\/\/laurianechesi.com\/index.php\/about\/#primaryimage\"},\"thumbnailUrl\":\"https:\/\/laurianechesi.com\/wp-content\/uploads\/2024\/06\/autoportrait2024-140.jpg\",\"datePublished\":\"2020-11-21T20:19:57+00:00\",\"dateModified\":\"2024-06-25T14:20:06+00:00\",\"description\":\"LAURIANE CHESI, Photographe Vid\u00e9aste \u00e0 Lyon, en France, \u00e0 l'\u00e9tranger. Reportage voyage, \u00e9v\u00e9nementiel, entreprise, immobilier, architecture, sport, r\u00e9alisation, montage.\",\"breadcrumb\":{\"@id\":\"https:\/\/laurianechesi.com\/index.php\/about\/#breadcrumb\"},\"inLanguage\":\"fr-FR\",\"potentialAction\":[{\"@type\":\"ReadAction\",\"target\":[\"https:\/\/laurianechesi.com\/index.php\/about\/\"]}]},{\"@type\":\"ImageObject\",\"inLanguage\":\"fr-FR\",\"@id\":\"https:\/\/laurianechesi.com\/index.php\/about\/#primaryimage\",\"url\":\"https:\/\/laurianechesi.com\/wp-content\/uploads\/2024\/06\/autoportrait2024-140.jpg\",\"contentUrl\":\"https:\/\/laurianechesi.com\/wp-content\/uploads\/2024\/06\/autoportrait2024-140.jpg\",\"width\":720,\"height\":1080},{\"@type\":\"BreadcrumbList\",\"@id\":\"https:\/\/laurianechesi.com\/index.php\/about\/#breadcrumb\",\"itemListElement\":[{\"@type\":\"ListItem\",\"position\":1,\"name\":\"Accueil\",\"item\":\"https:\/\/laurianechesi.com\/\"},{\"@type\":\"ListItem\",\"position\":2,\"name\":\"About\"}]},{\"@type\":\"WebSite\",\"@id\":\"https:\/\/laurianechesi.com\/#website\",\"url\":\"https:\/\/laurianechesi.com\/\",\"name\":\"LAURIANE CHESI\",\"description\":\"Reportage | voyage, \u00e9v\u00e9nementiel, entreprise, immobilier, architecture, sport, r\u00e9alisation, montage | Photographe Vid\u00e9aste \u00e0 Lyon, en France, \u00e0 l&#039;\u00e9tranger.\",\"publisher\":{\"@id\":\"https:\/\/laurianechesi.com\/#organization\"},\"potentialAction\":[{\"@type\":\"SearchAction\",\"target\":{\"@type\":\"EntryPoint\",\"urlTemplate\":\"https:\/\/laurianechesi.com\/?s={search_term_string}\"},\"query-input\":{\"@type\":\"PropertyValueSpecification\",\"valueRequired\":true,\"valueName\":\"search_term_string\"}}],\"inLanguage\":\"fr-FR\"},{\"@type\":\"Organization\",\"@id\":\"https:\/\/laurianechesi.com\/#organization\",\"name\":\"LAURIANE CHESI, Photographe Vid\u00e9aste \u00e0 Lyon\",\"url\":\"https:\/\/laurianechesi.com\/\",\"logo\":{\"@type\":\"ImageObject\",\"inLanguage\":\"fr-FR\",\"@id\":\"https:\/\/laurianechesi.com\/#\/schema\/logo\/image\/\",\"url\":\"\",\"contentUrl\":\"\",\"caption\":\"LAURIANE CHESI, Photographe Vid\u00e9aste \u00e0 Lyon\"},\"image\":{\"@id\":\"https:\/\/laurianechesi.com\/#\/schema\/logo\/image\/\"},\"sameAs\":[\"https:\/\/www.facebook.com\/laurianechesi\/\",\"https:\/\/www.instagram.com\/lauriane_chesi\/\",\"https:\/\/www.linkedin.com\/in\/lauriane-chesi-96907a12a\/\"]}]}<\/script>\n<!-- \/ Yoast SEO plugin. -->","yoast_head_json":{"title":"About - LAURIANE CHESI","description":"LAURIANE CHESI, Photographe Vid\u00e9aste \u00e0 Lyon, en France, \u00e0 l'\u00e9tranger. Reportage voyage, \u00e9v\u00e9nementiel, entreprise, immobilier, architecture, sport, r\u00e9alisation, montage.","robots":{"index":"index","follow":"follow","max-snippet":"max-snippet:-1","max-image-preview":"max-image-preview:large","max-video-preview":"max-video-preview:-1"},"canonical":"https:\/\/laurianechesi.com\/index.php\/about\/","og_locale":"fr_FR","og_type":"article","og_title":"About - LAURIANE CHESI","og_description":"LAURIANE CHESI, Photographe Vid\u00e9aste \u00e0 Lyon, en France, \u00e0 l'\u00e9tranger. Reportage voyage, \u00e9v\u00e9nementiel, entreprise, immobilier, architecture, sport, r\u00e9alisation, montage.","og_url":"https:\/\/laurianechesi.com\/index.php\/about\/","og_site_name":"LAURIANE CHESI","article_publisher":"https:\/\/www.facebook.com\/laurianechesi\/","article_modified_time":"2024-06-25T14:20:06+00:00","og_image":[{"url":"https:\/\/laurianechesi.com\/wp-content\/uploads\/2024\/06\/autoportrait2024-140.jpg","type":"","width":"","height":""}],"twitter_card":"summary_large_image","twitter_misc":{"Dur\u00e9e de lecture estim\u00e9e":"1 minute"},"schema":{"@context":"https:\/\/schema.org","@graph":[{"@type":"WebPage","@id":"https:\/\/laurianechesi.com\/index.php\/about\/","url":"https:\/\/laurianechesi.com\/index.php\/about\/","name":"About - LAURIANE CHESI","isPartOf":{"@id":"https:\/\/laurianechesi.com\/#website"},"primaryImageOfPage":{"@id":"https:\/\/laurianechesi.com\/index.php\/about\/#primaryimage"},"image":{"@id":"https:\/\/laurianechesi.com\/index.php\/about\/#primaryimage"},"thumbnailUrl":"https:\/\/laurianechesi.com\/wp-content\/uploads\/2024\/06\/autoportrait2024-140.jpg","datePublished":"2020-11-21T20:19:57+00:00","dateModified":"2024-06-25T14:20:06+00:00","description":"LAURIANE CHESI, Photographe Vid\u00e9aste \u00e0 Lyon, en France, \u00e0 l'\u00e9tranger. Reportage voyage, \u00e9v\u00e9nementiel, entreprise, immobilier, architecture, sport, r\u00e9alisation, montage.","breadcrumb":{"@id":"https:\/\/laurianechesi.com\/index.php\/about\/#breadcrumb"},"inLanguage":"fr-FR","potentialAction":[{"@type":"ReadAction","target":["https:\/\/laurianechesi.com\/index.php\/about\/"]}]},{"@type":"ImageObject","inLanguage":"fr-FR","@id":"https:\/\/laurianechesi.com\/index.php\/about\/#primaryimage","url":"https:\/\/laurianechesi.com\/wp-content\/uploads\/2024\/06\/autoportrait2024-140.jpg","contentUrl":"https:\/\/laurianechesi.com\/wp-content\/uploads\/2024\/06\/autoportrait2024-140.jpg","width":720,"height":1080},{"@type":"BreadcrumbList","@id":"https:\/\/laurianechesi.com\/index.php\/about\/#breadcrumb","itemListElement":[{"@type":"ListItem","position":1,"name":"Accueil","item":"https:\/\/laurianechesi.com\/"},{"@type":"ListItem","position":2,"name":"About"}]},{"@type":"WebSite","@id":"https:\/\/laurianechesi.com\/#website","url":"https:\/\/laurianechesi.com\/","name":"LAURIANE CHESI","description":"Reportage | voyage, \u00e9v\u00e9nementiel, entreprise, immobilier, architecture, sport, r\u00e9alisation, montage | Photographe Vid\u00e9aste \u00e0 Lyon, en France, \u00e0 l&#039;\u00e9tranger.","publisher":{"@id":"https:\/\/laurianechesi.com\/#organization"},"potentialAction":[{"@type":"SearchAction","target":{"@type":"EntryPoint","urlTemplate":"https:\/\/laurianechesi.com\/?s={search_term_string}"},"query-input":{"@type":"PropertyValueSpecification","valueRequired":true,"valueName":"search_term_string"}}],"inLanguage":"fr-FR"},{"@type":"Organization","@id":"https:\/\/laurianechesi.com\/#organization","name":"LAURIANE CHESI, Photographe Vid\u00e9aste \u00e0 Lyon","url":"https:\/\/laurianechesi.com\/","logo":{"@type":"ImageObject","inLanguage":"fr-FR","@id":"https:\/\/laurianechesi.com\/#\/schema\/logo\/image\/","url":"","contentUrl":"","caption":"LAURIANE CHESI, Photographe Vid\u00e9aste \u00e0 Lyon"},"image":{"@id":"https:\/\/laurianechesi.com\/#\/schema\/logo\/image\/"},"sameAs":["https:\/\/www.facebook.com\/laurianechesi\/","https:\/\/www.instagram.com\/lauriane_chesi\/","https:\/\/www.linkedin.com\/in\/lauriane-chesi-96907a12a\/"]}]}},"_links":{"self":[{"href":"https:\/\/laurianechesi.com\/index.php\/wp-json\/wp\/v2\/pages\/618"}],"collection":[{"href":"https:\/\/laurianechesi.com\/index.php\/wp-json\/wp\/v2\/pages"}],"about":[{"href":"https:\/\/laurianechesi.com\/index.php\/wp-json\/wp\/v2\/types\/page"}],"author":[{"embeddable":true,"href":"https:\/\/laurianechesi.com\/index.php\/wp-json\/wp\/v2\/users\/1"}],"replies":[{"embeddable":true,"href":"https:\/\/laurianechesi.com\/index.php\/wp-json\/wp\/v2\/comments?post=618"}],"version-history":[{"count":34,"href":"https:\/\/laurianechesi.com\/index.php\/wp-json\/wp\/v2\/pages\/618\/revisions"}],"predecessor-version":[{"id":858,"href":"https:\/\/laurianechesi.com\/index.php\/wp-json\/wp\/v2\/pages\/618\/revisions\/858"}],"wp:attachment":[{"href":"https:\/\/laurianechesi.com\/index.php\/wp-json\/wp\/v2\/media?parent=618"}],"curies":[{"name":"wp","href":"https:\/\/api.w.org\/{rel}","templated":true}]}}